{"id":1434,"date":"2025-04-05T02:52:16","date_gmt":"2025-04-05T02:52:16","guid":{"rendered":"https:\/\/dengtai.art\/artists-and-projects-roster\/agata-szymczewska-violin\/"},"modified":"2025-04-10T05:22:46","modified_gmt":"2025-04-10T05:22:46","slug":"agata-szymczewska-violin","status":"publish","type":"page","link":"https:\/\/dengtai.art\/en\/roster\/karol-szymanowski-quartet\/agata-szymczewska-violin\/","title":{"rendered":"Agata Szymczewska Violin"},"content":{"rendered":"\n\n  <div class=\"banner has-hover\" id=\"banner-1494923257\">\n          <div class=\"banner-inner fill\">\n        <div class=\"banner-bg fill\" >\n            <img fetchpriority=\"high\" decoding=\"async\" width=\"1658\" height=\"603\" src=\"https:\/\/dengtai.art\/wp-content\/uploads\/2025\/04\/Agata-Szymczewska_banner-top.jpg\" class=\"bg attachment-original size-original\" alt=\"\" \/>                                    \n                    <\/div>\n\t\t\n        <div class=\"banner-layers container\">\n            <div class=\"fill banner-link\"><\/div>            \n\n   <div id=\"text-box-2061650912\" class=\"text-box banner-layer x50 md-x50 lg-x50 y50 md-y50 lg-y50 res-text\">\n                                <div class=\"text-box-content text dark\">\n              \n              <div class=\"text-inner text-center\">\n                  \n\n<h1><span data-text-bg=\"primary\"><\/span><\/h1>\n\n              <\/div>\n           <\/div>\n                            \n<style>\n#text-box-2061650912 {\n  width: 100%;\n}\n#text-box-2061650912 .text-box-content {\n  font-size: 100%;\n}\n<\/style>\n    <\/div>\n \n\n        <\/div>\n      <\/div>\n\n            \n<style>\n#banner-1494923257 {\n  padding-top: 500px;\n}\n#banner-1494923257 .banner-bg img {\n  object-position: 50% 20%;\n}\n<\/style>\n  <\/div>\n\n\n<div class=\"row row-full-width\"  id=\"row-1607570115\">\n\n\n\t<div id=\"col-1279156663\" class=\"col small-12 large-12\"  >\n\t\t\t\t<div class=\"col-inner text-center\"  >\n\t\t\t\n\t\t\t\n\n\n\t\t<\/div>\n\t\t\t\t\t<\/div>\n\n\t\n\n\t<div id=\"col-437448140\" class=\"col small-12 large-12\"  >\n\t\t\t\t<div class=\"col-inner text-center\"  >\n\t\t\t\n\t\t\t\n\n<div class=\"container section-title-container\" ><h1 class=\"section-title section-title-center\"><b><\/b><span class=\"section-title-main\" style=\"font-size:120%;\">Agata Szymczewska<\/span><b><\/b><\/h1><\/div>\n\n<h3>\u963f\u52a0\u5854\u00b7\u5e0c\u66fc\u8bfa\u592b\u65af\u5361<\/h3>\n<p>Prize-Winning Polish Violinist | Wieniawski Competition Gold Medalist<\/p>\n<p><strong>Affiliated Ensembles:<\/strong> <a href=\"https:\/\/dengtai.art\/en\/artists-and-projects-roster\/karol-szymanowski-quartet\/\">The Szymanowski String Quartet<\/a><\/p>\n\n\t\t<\/div>\n\t\t\t\t\n<style>\n#col-437448140 > .col-inner {\n  padding: 0px 0px 0px 0px;\n  margin: 0px 0px 0px 0px;\n}\n<\/style>\n\t<\/div>\n\n\t\n\n<\/div>\n<div class=\"row\"  id=\"row-2038082775\">\n\n\n\t<div id=\"col-1993366971\" class=\"col small-12 large-12\"  >\n\t\t\t\t<div class=\"col-inner\"  >\n\t\t\t\n\t\t\t\n\n<p>Polish violinist, the winner of the 13th Henryk Wieniawski International Violin Competition in Pozna\u0144 in 2006. She has also received Passport of the Polityka weekly (an annual cultural award), four Fryderyk Awards (the most important music award in Poland), and the London Music Masters Award.<\/p>\n<p>Agata is the principal violin of the renowned Polish string quartet, the <a href=\"https:\/\/dengtai.art\/en\/artists-and-projects-roster\/karol-szymanowski-quartet\/\">Karol Szymanowski Quartet<\/a>. During her artistic career she has performed with Christian Zimmermann, Anne-Sophie Mutter, Marta Argerich, Maxim Vengerov, and with conductors such as Seiji Ozawa, Sir Neville Marriner, and Andrzej Boreyko. She has recorded for Deutsche Gramophone, Sony and Decca. Currently, she uses a violin made by Niccolo Galliano in 1755, which is generously lent by Anne-Sophie Mutter.<\/p>\n\t<div class=\"img has-hover x md-x lg-x y md-y lg-y\" id=\"image_559838041\">\n\t\t\t\t\t\t\t\t<div class=\"img-inner dark\" >\n\t\t\t<img decoding=\"async\" width=\"1020\" height=\"680\" src=\"https:\/\/dengtai.art\/wp-content\/uploads\/2025\/04\/szymczewska_koncert-37-1024x683.jpg\" class=\"attachment-large size-large\" alt=\"\" srcset=\"https:\/\/dengtai.art\/wp-content\/uploads\/2025\/04\/szymczewska_koncert-37-1024x683.jpg 1024w, https:\/\/dengtai.art\/wp-content\/uploads\/2025\/04\/szymczewska_koncert-37-300x200.jpg 300w, https:\/\/dengtai.art\/wp-content\/uploads\/2025\/04\/szymczewska_koncert-37-768x512.jpg 768w, https:\/\/dengtai.art\/wp-content\/uploads\/2025\/04\/szymczewska_koncert-37-1536x1025.jpg 1536w, https:\/\/dengtai.art\/wp-content\/uploads\/2025\/04\/szymczewska_koncert-37-2048x1367.jpg 2048w\" sizes=\"(max-width: 1020px) 100vw, 1020px\" \/>\t\t\t\t\t\t\n\t\t\t\t\t<\/div>\n\t\t\t\t\t\t\t\t\n<style>\n#image_559838041 {\n  width: 100%;\n}\n<\/style>\n\t<\/div>\n\t\n\n\n\t\t<\/div>\n\t\t\t\t\t<\/div>\n\n\t\n\n<\/div>\n<div class=\"row\"  id=\"row-404140411\">\n\n\n\t<div id=\"col-878421024\" class=\"col small-12 large-12\"  >\n\t\t\t\t<div class=\"col-inner\"  >\n\t\t\t\n\t\t\t\n\n\t<div id=\"text-3396424213\" class=\"text\">\n\t\t\n\n<h3>Biography<\/h3>\n\t\t\n<style>\n#text-3396424213 {\n  text-align: center;\n}\n<\/style>\n\t<\/div>\n\t\n<p>Born in 1985 in Gda\u0144sk, Poland, into a musical family, Agata Szymczewska began violin studies at age six in her hometown of Koszalin. She graduated from the Pozna\u0144 Music Academy under Professor Bartosz Bry\u0142a and continued her training with Professor Krzysztof W\u0119grzyn at the Hanover University of Music, Drama, and Media (since 2004).<\/p>\n<p> <\/p>\n<p><strong>Career Highlights<\/strong><\/p>\n<ul>\n<li>2006: Won 1st Prize at the 13th Henryk Wieniawski International Violin Competition (Pozna\u0144), a milestone that launched her international career.<\/li>\n<li>2005: Awarded the Lotos Classic Prize at the Gda\u0144sk International Violin Competition.<\/li>\n<li>Other awards: Laureate at the A. Yampolsky International Violin Competition (Moscow, 2006) and Calgary Concerto Competition (Canada, 2003).<\/li>\n<\/ul>\n<p> <\/p>\n<p><strong>Performance Career<\/strong><\/p>\n<p>Agata has performed across Europe, Israel, Russia, Canada, China (including a 2012 recital at Beijing\u2019s Forbidden City Concert Hall), and Japan with orchestras such as:<\/p>\n<ul>\n<li>Sinfonia Varsovia<\/li>\n<li>Polish National Philharmonic Orchestra<\/li>\n<li>Russian Philharmonic Orchestra<\/li>\n<\/ul>\n<p>Collaborating with maestros including Krzysztof Penderecki, Antoni Wit, and Saulius Sondeckis.<\/p>\n<p> <\/p>\n<p><strong>Notable Venues &amp; Festivals:<\/strong><\/p>\n<ul>\n<li>Th\u00e9\u00e2tre des Champs-\u00c9lys\u00e9es (Paris)<\/li>\n<li>Concertgebouw (Amsterdam)<\/li>\n<li>Beethoven Easter Festival (Warsaw)<\/li>\n<li>Schleswig-Holstein Music Festival (Germany)<\/li>\n<\/ul>\n\n\t\t<\/div>\n\t\t\t\t\t<\/div>\n\n\t\n\n<\/div>\n<div class=\"row\"  id=\"row-1914266082\">\n\n\n\t<div id=\"col-1477839300\" class=\"col small-12 large-12\"  >\n\t\t\t\t<div class=\"col-inner\"  >\n\t\t\t\n\t\t\t\n\n\t<div id=\"text-226472895\" class=\"text\">\n\t\t\n\n<h3>Gallery<\/h3>\n\t\t\n<style>\n#text-226472895 {\n  text-align: center;\n}\n<\/style>\n\t<\/div>\n\t\n\n  \n    <div id=\"gallery-402982072\" class=\"row large-columns-3 medium-columns- small-columns-2 row-small row-masonry\" data-packery-options='{\"itemSelector\": \".col\", \"gutter\": 0, \"presentageWidth\" : true}'>\n\n  <div class=\"gallery-col col\" >\n          <div class=\"col-inner\">\n            <a class=\"image-lightbox lightbox-gallery\" href=\"https:\/\/dengtai.art\/wp-content\/uploads\/2025\/04\/Agata-Szymczewska_3-1024x683.jpg\" title=\"\">            <div class=\"box has-hover gallery-box box-default\">\n              <div class=\"box-image box-shadow-2\" style=\"width:80%;\">\n                <img decoding=\"async\" width=\"300\" height=\"200\" src=\"https:\/\/dengtai.art\/wp-content\/uploads\/2025\/04\/Agata-Szymczewska_3-300x200.jpg\" class=\"attachment-medium size-medium\" alt=\"\" ids=\"1420,1422,1424,1426,1428,1430\" style=\"default\" type=\"masonry\" col_spacing=\"small\" columns=\"3\" depth=\"2\" image_width=\"80\" srcset=\"https:\/\/dengtai.art\/wp-content\/uploads\/2025\/04\/Agata-Szymczewska_3-300x200.jpg 300w, https:\/\/dengtai.art\/wp-content\/uploads\/2025\/04\/Agata-Szymczewska_3-1024x683.jpg 1024w, https:\/\/dengtai.art\/wp-content\/uploads\/2025\/04\/Agata-Szymczewska_3-768x512.jpg 768w, https:\/\/dengtai.art\/wp-content\/uploads\/2025\/04\/Agata-Szymczewska_3-1536x1024.jpg 1536w, https:\/\/dengtai.art\/wp-content\/uploads\/2025\/04\/Agata-Szymczewska_3.jpg 1791w\" sizes=\"(max-width: 300px) 100vw, 300px\" \/>                                                              <\/div>\n              <div class=\"box-text text-left\" >\n                 <p><\/p>\n              <\/div>\n            <\/div>\n            <\/a>          <\/div>\n         <\/div><div class=\"gallery-col col\" >\n          <div class=\"col-inner\">\n            <a class=\"image-lightbox lightbox-gallery\" href=\"https:\/\/dengtai.art\/wp-content\/uploads\/2025\/04\/Agata-Szymczewska_4-1024x681.jpg\" title=\"\">            <div class=\"box has-hover gallery-box box-default\">\n              <div class=\"box-image box-shadow-2\" style=\"width:80%;\">\n                <img loading=\"lazy\" decoding=\"async\" width=\"300\" height=\"200\" src=\"https:\/\/dengtai.art\/wp-content\/uploads\/2025\/04\/Agata-Szymczewska_4-300x200.jpg\" class=\"attachment-medium size-medium\" alt=\"\" ids=\"1420,1422,1424,1426,1428,1430\" style=\"default\" type=\"masonry\" col_spacing=\"small\" columns=\"3\" depth=\"2\" image_width=\"80\" srcset=\"https:\/\/dengtai.art\/wp-content\/uploads\/2025\/04\/Agata-Szymczewska_4-300x200.jpg 300w, https:\/\/dengtai.art\/wp-content\/uploads\/2025\/04\/Agata-Szymczewska_4-1024x681.jpg 1024w, https:\/\/dengtai.art\/wp-content\/uploads\/2025\/04\/Agata-Szymczewska_4-768x511.jpg 768w, https:\/\/dengtai.art\/wp-content\/uploads\/2025\/04\/Agata-Szymczewska_4-1536x1022.jpg 1536w, https:\/\/dengtai.art\/wp-content\/uploads\/2025\/04\/Agata-Szymczewska_4.jpg 2048w\" sizes=\"(max-width: 300px) 100vw, 300px\" \/>                                                              <\/div>\n              <div class=\"box-text text-left\" >\n                 <p><\/p>\n              <\/div>\n            <\/div>\n            <\/a>          <\/div>\n         <\/div><div class=\"gallery-col col\" >\n          <div class=\"col-inner\">\n            <a class=\"image-lightbox lightbox-gallery\" href=\"https:\/\/dengtai.art\/wp-content\/uploads\/2025\/04\/Agata-Szymczewska_5-1024x683.jpg\" title=\"\">            <div class=\"box has-hover gallery-box box-default\">\n              <div class=\"box-image box-shadow-2\" style=\"width:80%;\">\n                <img loading=\"lazy\" decoding=\"async\" width=\"300\" height=\"200\" src=\"https:\/\/dengtai.art\/wp-content\/uploads\/2025\/04\/Agata-Szymczewska_5-300x200.jpg\" class=\"attachment-medium size-medium\" alt=\"\" ids=\"1420,1422,1424,1426,1428,1430\" style=\"default\" type=\"masonry\" col_spacing=\"small\" columns=\"3\" depth=\"2\" image_width=\"80\" srcset=\"https:\/\/dengtai.art\/wp-content\/uploads\/2025\/04\/Agata-Szymczewska_5-300x200.jpg 300w, https:\/\/dengtai.art\/wp-content\/uploads\/2025\/04\/Agata-Szymczewska_5-1024x683.jpg 1024w, https:\/\/dengtai.art\/wp-content\/uploads\/2025\/04\/Agata-Szymczewska_5-768x512.jpg 768w, https:\/\/dengtai.art\/wp-content\/uploads\/2025\/04\/Agata-Szymczewska_5-1536x1025.jpg 1536w, https:\/\/dengtai.art\/wp-content\/uploads\/2025\/04\/Agata-Szymczewska_5-2048x1367.jpg 2048w\" sizes=\"(max-width: 300px) 100vw, 300px\" \/>                                                              <\/div>\n              <div class=\"box-text text-left\" >\n                 <p><\/p>\n              <\/div>\n            <\/div>\n            <\/a>          <\/div>\n         <\/div><div class=\"gallery-col col\" >\n          <div class=\"col-inner\">\n            <a class=\"image-lightbox lightbox-gallery\" href=\"https:\/\/dengtai.art\/wp-content\/uploads\/2025\/04\/Agata-Szymczewska_6-1024x683.jpg\" title=\"\">            <div class=\"box has-hover gallery-box box-default\">\n              <div class=\"box-image box-shadow-2\" style=\"width:80%;\">\n                <img loading=\"lazy\" decoding=\"async\" width=\"300\" height=\"200\" src=\"https:\/\/dengtai.art\/wp-content\/uploads\/2025\/04\/Agata-Szymczewska_6-300x200.jpg\" class=\"attachment-medium size-medium\" alt=\"\" ids=\"1420,1422,1424,1426,1428,1430\" style=\"default\" type=\"masonry\" col_spacing=\"small\" columns=\"3\" depth=\"2\" image_width=\"80\" srcset=\"https:\/\/dengtai.art\/wp-content\/uploads\/2025\/04\/Agata-Szymczewska_6-300x200.jpg 300w, https:\/\/dengtai.art\/wp-content\/uploads\/2025\/04\/Agata-Szymczewska_6-1024x683.jpg 1024w, https:\/\/dengtai.art\/wp-content\/uploads\/2025\/04\/Agata-Szymczewska_6-768x512.jpg 768w, https:\/\/dengtai.art\/wp-content\/uploads\/2025\/04\/Agata-Szymczewska_6-1536x1025.jpg 1536w, https:\/\/dengtai.art\/wp-content\/uploads\/2025\/04\/Agata-Szymczewska_6-2048x1367.jpg 2048w\" sizes=\"(max-width: 300px) 100vw, 300px\" \/>                                                              <\/div>\n              <div class=\"box-text text-left\" >\n                 <p><\/p>\n              <\/div>\n            <\/div>\n            <\/a>          <\/div>\n         <\/div><div class=\"gallery-col col\" >\n          <div class=\"col-inner\">\n            <a class=\"image-lightbox lightbox-gallery\" href=\"https:\/\/dengtai.art\/wp-content\/uploads\/2025\/04\/Agata-Szymczewska_7-683x1024.jpg\" title=\"\">            <div class=\"box has-hover gallery-box box-default\">\n              <div class=\"box-image box-shadow-2\" style=\"width:80%;\">\n                <img loading=\"lazy\" decoding=\"async\" width=\"200\" height=\"300\" src=\"https:\/\/dengtai.art\/wp-content\/uploads\/2025\/04\/Agata-Szymczewska_7-200x300.jpg\" class=\"attachment-medium size-medium\" alt=\"\" ids=\"1420,1422,1424,1426,1428,1430\" style=\"default\" type=\"masonry\" col_spacing=\"small\" columns=\"3\" depth=\"2\" image_width=\"80\" srcset=\"https:\/\/dengtai.art\/wp-content\/uploads\/2025\/04\/Agata-Szymczewska_7-200x300.jpg 200w, https:\/\/dengtai.art\/wp-content\/uploads\/2025\/04\/Agata-Szymczewska_7-683x1024.jpg 683w, https:\/\/dengtai.art\/wp-content\/uploads\/2025\/04\/Agata-Szymczewska_7-768x1151.jpg 768w, https:\/\/dengtai.art\/wp-content\/uploads\/2025\/04\/Agata-Szymczewska_7-1025x1536.jpg 1025w, https:\/\/dengtai.art\/wp-content\/uploads\/2025\/04\/Agata-Szymczewska_7-1367x2048.jpg 1367w, https:\/\/dengtai.art\/wp-content\/uploads\/2025\/04\/Agata-Szymczewska_7.jpg 1468w\" sizes=\"(max-width: 200px) 100vw, 200px\" \/>                                                              <\/div>\n              <div class=\"box-text text-left\" >\n                 <p><\/p>\n              <\/div>\n            <\/div>\n            <\/a>          <\/div>\n         <\/div><div class=\"gallery-col col\" >\n          <div class=\"col-inner\">\n            <a class=\"image-lightbox lightbox-gallery\" href=\"https:\/\/dengtai.art\/wp-content\/uploads\/2025\/04\/agata_szymczewska_01-683x1024.jpg\" title=\"\">            <div class=\"box has-hover gallery-box box-default\">\n              <div class=\"box-image box-shadow-2\" style=\"width:80%;\">\n                <img loading=\"lazy\" decoding=\"async\" width=\"200\" height=\"300\" src=\"https:\/\/dengtai.art\/wp-content\/uploads\/2025\/04\/agata_szymczewska_01-200x300.jpg\" class=\"attachment-medium size-medium\" alt=\"\" ids=\"1420,1422,1424,1426,1428,1430\" style=\"default\" type=\"masonry\" col_spacing=\"small\" columns=\"3\" depth=\"2\" image_width=\"80\" srcset=\"https:\/\/dengtai.art\/wp-content\/uploads\/2025\/04\/agata_szymczewska_01-200x300.jpg 200w, https:\/\/dengtai.art\/wp-content\/uploads\/2025\/04\/agata_szymczewska_01-683x1024.jpg 683w, https:\/\/dengtai.art\/wp-content\/uploads\/2025\/04\/agata_szymczewska_01-768x1152.jpg 768w, https:\/\/dengtai.art\/wp-content\/uploads\/2025\/04\/agata_szymczewska_01-1024x1536.jpg 1024w, https:\/\/dengtai.art\/wp-content\/uploads\/2025\/04\/agata_szymczewska_01-1365x2048.jpg 1365w, https:\/\/dengtai.art\/wp-content\/uploads\/2025\/04\/agata_szymczewska_01-scaled.jpg 1707w\" sizes=\"(max-width: 200px) 100vw, 200px\" \/>                                                              <\/div>\n              <div class=\"box-text text-left\" >\n                 <p><\/p>\n              <\/div>\n            <\/div>\n            <\/a>          <\/div>\n         <\/div><\/div>\n\n\n\t\t<\/div>\n\t\t\t\t\t<\/div>\n\n\t\n\n<\/div>\n\n","protected":false},"excerpt":{"rendered":"","protected":false},"author":1,"featured_media":0,"parent":1403,"menu_order":4,"comment_status":"closed","ping_status":"closed","template":"page-blank.php","meta":{"_acf_changed":false,"footnotes":""},"class_list":["post-1434","page","type-page","status-publish","hentry"],"acf":[],"jetpack_sharing_enabled":true,"_links":{"self":[{"href":"https:\/\/dengtai.art\/en\/wp-json\/wp\/v2\/pages\/1434","targetHints":{"allow":["GET"]}}],"collection":[{"href":"https:\/\/dengtai.art\/en\/wp-json\/wp\/v2\/pages"}],"about":[{"href":"https:\/\/dengtai.art\/en\/wp-json\/wp\/v2\/types\/page"}],"author":[{"embeddable":true,"href":"https:\/\/dengtai.art\/en\/wp-json\/wp\/v2\/users\/1"}],"replies":[{"embeddable":true,"href":"https:\/\/dengtai.art\/en\/wp-json\/wp\/v2\/comments?post=1434"}],"version-history":[{"count":15,"href":"https:\/\/dengtai.art\/en\/wp-json\/wp\/v2\/pages\/1434\/revisions"}],"predecessor-version":[{"id":1628,"href":"https:\/\/dengtai.art\/en\/wp-json\/wp\/v2\/pages\/1434\/revisions\/1628"}],"up":[{"embeddable":true,"href":"https:\/\/dengtai.art\/en\/wp-json\/wp\/v2\/pages\/1403"}],"wp:attachment":[{"href":"https:\/\/dengtai.art\/en\/wp-json\/wp\/v2\/media?parent=1434"}],"curies":[{"name":"wp","href":"https:\/\/api.w.org\/{rel}","templated":true}]}}