{"id":1461,"date":"2025-04-06T03:25:04","date_gmt":"2025-04-06T03:25:04","guid":{"rendered":"https:\/\/dengtai.art\/artists-and-projects-roster\/robert-kowalski-violin\/"},"modified":"2025-04-10T05:21:45","modified_gmt":"2025-04-10T05:21:45","slug":"robert-kowalski-violin","status":"publish","type":"page","link":"https:\/\/dengtai.art\/en\/roster\/karol-szymanowski-quartet\/robert-kowalski-violin\/","title":{"rendered":"Robert Kowalski Violin"},"content":{"rendered":"\n\n  <div class=\"banner has-hover\" id=\"banner-422706620\">\n          <div class=\"banner-inner fill\">\n        <div class=\"banner-bg fill\" >\n            <img fetchpriority=\"high\" decoding=\"async\" width=\"2079\" height=\"756\" src=\"https:\/\/dengtai.art\/wp-content\/uploads\/2025\/04\/ROBERT-KOWALSKI_banner.jpg\" class=\"bg attachment-original size-original\" alt=\"\" \/>                                    \n                    <\/div>\n\t\t\n        <div class=\"banner-layers container\">\n            <div class=\"fill banner-link\"><\/div>            \n\n   <div id=\"text-box-1974255087\" class=\"text-box banner-layer x50 md-x50 lg-x50 y50 md-y50 lg-y50 res-text\">\n                                <div class=\"text-box-content text dark\">\n              \n              <div class=\"text-inner text-center\">\n                  \n\n<h1><span data-text-bg=\"primary\"><\/span><\/h1>\n\n              <\/div>\n           <\/div>\n                            \n<style>\n#text-box-1974255087 {\n  width: 100%;\n}\n#text-box-1974255087 .text-box-content {\n  font-size: 100%;\n}\n<\/style>\n    <\/div>\n \n\n        <\/div>\n      <\/div>\n\n            \n<style>\n#banner-422706620 {\n  padding-top: 500px;\n}\n#banner-422706620 .banner-bg img {\n  object-position: 50% 20%;\n}\n<\/style>\n  <\/div>\n\n\n<div class=\"row row-full-width\"  id=\"row-1084625941\">\n\n\n\t<div id=\"col-1037779255\" class=\"col small-12 large-12\"  >\n\t\t\t\t<div class=\"col-inner text-center\"  >\n\t\t\t\n\t\t\t\n\n\n\t\t<\/div>\n\t\t\t\t\t<\/div>\n\n\t\n\n\t<div id=\"col-1479650483\" class=\"col small-12 large-12\"  >\n\t\t\t\t<div class=\"col-inner text-center\"  >\n\t\t\t\n\t\t\t\n\n<div class=\"container section-title-container\" ><h1 class=\"section-title section-title-center\"><b><\/b><span class=\"section-title-main\" style=\"font-size:120%;\">Robert Kowalski<\/span><b><\/b><\/h1><\/div>\n\n<h3>\u7f57\u4f2f\u7279\u00b7\u79d1\u74e6\u5c14\u65af\u57fa<\/h3>\n<p>Polish violinist<\/p>\n<p><strong>Affiliated Ensembles:<\/strong> <a href=\"https:\/\/dengtai.art\/en\/roster\/karol-szymanowski-quartet\/\">The Szymanowski String Quartet<\/a><\/p>\n\n\t\t<\/div>\n\t\t\t\t\n<style>\n#col-1479650483 > .col-inner {\n  padding: 0px 0px 0px 0px;\n  margin: 0px 0px 0px 0px;\n}\n<\/style>\n\t<\/div>\n\n\t\n\n<\/div>\n<div class=\"row\"  id=\"row-1523457201\">\n\n\n\t<div id=\"col-1373526239\" class=\"col small-12 large-12\"  >\n\t\t\t\t<div class=\"col-inner\"  >\n\t\t\t\n\t\t\t\n\n\t<div id=\"text-2400798875\" class=\"text\">\n\t\t\n\n<h3>Biography<\/h3>\n\t\t\n<style>\n#text-2400798875 {\n  text-align: center;\n}\n<\/style>\n\t<\/div>\n\t\n<p>Robert Kowalski was born in 1985. He took his first violin lesson at the age of seven, and barely four years later made his debut with Mendelssohn\u2019s Violin Concerto in E minor, accompanied by the orchestra of the Baltic Opera. After completing Levels 1 and 3 of the Feliks Nowowiejski Music School in Gda\u0144sk, in Professor Krystyna Jurecka\u2019s class, he studied in Germany and Switzerland under Valery Gradow. Kowalski was significantly influenced by Kolja Blacher and Ana Chumachenco; Bernard Greenhouse, Ivry Gitlis and Ida Haendel also strongly shaped his musical development.<\/p>\n\t<div class=\"img has-hover x md-x lg-x y md-y lg-y\" id=\"image_141827858\">\n\t\t\t\t\t\t\t\t<div class=\"img-inner dark\" >\n\t\t\t<img decoding=\"async\" width=\"864\" height=\"576\" src=\"https:\/\/dengtai.art\/wp-content\/uploads\/2025\/04\/ROBERT-KOWALSKI_3.jpg\" class=\"attachment-large size-large\" alt=\"\" srcset=\"https:\/\/dengtai.art\/wp-content\/uploads\/2025\/04\/ROBERT-KOWALSKI_3.jpg 864w, https:\/\/dengtai.art\/wp-content\/uploads\/2025\/04\/ROBERT-KOWALSKI_3-300x200.jpg 300w, https:\/\/dengtai.art\/wp-content\/uploads\/2025\/04\/ROBERT-KOWALSKI_3-768x512.jpg 768w\" sizes=\"(max-width: 864px) 100vw, 864px\" \/>\t\t\t\t\t\t\n\t\t\t\t\t<\/div>\n\t\t\t\t\t\t\t\t\n<style>\n#image_141827858 {\n  width: 100%;\n}\n<\/style>\n\t<\/div>\n\t\n\n\n\t\t<\/div>\n\t\t\t\t\t<\/div>\n\n\t\n\n<\/div>\n<div class=\"row\"  id=\"row-1368374048\">\n\n\n\t<div id=\"col-1942911539\" class=\"col small-12 large-12\"  >\n\t\t\t\t<div class=\"col-inner\"  >\n\t\t\t\n\t\t\t\n\n<p>Robert has won prizes in the Val Tidone International Music Competition in Italy, and the Alexandre Tansman Musical Individuality Competition in \u0141\u00f3d\u017a; he won the Gda\u0144sk Mayor\u2019s Prize for Young Artists the first year it was awarded. Kowalski also won a Young Poland scholarship from the Ministry of Culture and National Heritage.<\/p>\n<p>He regularly appears as a soloist and chamber player at festivals in Europe, the US and Asia, performing in renowned venues: Wigmore Hall in London, the Mozarteum in Salzburg, Laeiszhalle in Hamburg, Vienna\u2019s Musikverein and New York\u2019s Carnegie Hall. Kowalski also collaborates with outstanding musical personalities including Vladimir Ashkenazy, Reinhard Goebel, Martha Argerich and Julian Rachlin, who are a great source of inspiration for him. In 2018 Kowalski\u2019s performance of Richard Strauss\u2019s Violin Concerto was released on a CD from CPO; he is accompanied by the Orchestra della Svizzera italiana under the baton of Markus Poschner. The recording was well-received by critics around Europe, and nominated for the International Classical Music Awards.<\/p>\n<p>Robert is currently a member of the world-renowned <a href=\"https:\/\/dengtai.art\/en\/roster\/karol-szymanowski-quartet\/\">Szymanowski Quartet<\/a> and tours the world with the group.<\/p>\n\n\t\t<\/div>\n\t\t\t\t\t<\/div>\n\n\t\n\n<\/div>\n<div class=\"row\"  id=\"row-650012211\">\n\n\n\t<div id=\"col-1609679684\" class=\"col small-12 large-12\"  >\n\t\t\t\t<div class=\"col-inner\"  >\n\t\t\t\n\t\t\t\n\n\t<div id=\"text-3464128714\" class=\"text\">\n\t\t\n\n<h3>Gallery<\/h3>\n\t\t\n<style>\n#text-3464128714 {\n  text-align: center;\n}\n<\/style>\n\t<\/div>\n\t\n\n  \n    <div id=\"gallery-298534166\" class=\"row large-columns-3 medium-columns- small-columns-2 row-small row-masonry\" data-packery-options='{\"itemSelector\": \".col\", \"gutter\": 0, \"presentageWidth\" : true}'>\n\n  <div class=\"gallery-col col\" >\n          <div class=\"col-inner\">\n            <a class=\"image-lightbox lightbox-gallery\" href=\"https:\/\/dengtai.art\/wp-content\/uploads\/2025\/04\/ROBERT-KOWALSKI_1-607x1024.jpg\" title=\"\">            <div class=\"box has-hover gallery-box box-default\">\n              <div class=\"box-image box-shadow-2\" style=\"width:80%;\">\n                <img decoding=\"async\" width=\"178\" height=\"300\" src=\"https:\/\/dengtai.art\/wp-content\/uploads\/2025\/04\/ROBERT-KOWALSKI_1-178x300.jpg\" class=\"attachment-medium size-medium\" alt=\"\" ids=\"1456,1458\" style=\"default\" type=\"masonry\" col_spacing=\"small\" columns=\"3\" depth=\"2\" image_width=\"80\" srcset=\"https:\/\/dengtai.art\/wp-content\/uploads\/2025\/04\/ROBERT-KOWALSKI_1-178x300.jpg 178w, https:\/\/dengtai.art\/wp-content\/uploads\/2025\/04\/ROBERT-KOWALSKI_1-607x1024.jpg 607w, https:\/\/dengtai.art\/wp-content\/uploads\/2025\/04\/ROBERT-KOWALSKI_1-768x1296.jpg 768w, https:\/\/dengtai.art\/wp-content\/uploads\/2025\/04\/ROBERT-KOWALSKI_1-910x1536.jpg 910w, https:\/\/dengtai.art\/wp-content\/uploads\/2025\/04\/ROBERT-KOWALSKI_1.jpg 1212w\" sizes=\"(max-width: 178px) 100vw, 178px\" \/>                                                              <\/div>\n              <div class=\"box-text text-left\" >\n                 <p><\/p>\n              <\/div>\n            <\/div>\n            <\/a>          <\/div>\n         <\/div><div class=\"gallery-col col\" >\n          <div class=\"col-inner\">\n            <a class=\"image-lightbox lightbox-gallery\" href=\"https:\/\/dengtai.art\/wp-content\/uploads\/2025\/04\/ROBERT-KOWALSKI_2.jpeg\" title=\"\">            <div class=\"box has-hover gallery-box box-default\">\n              <div class=\"box-image box-shadow-2\" style=\"width:80%;\">\n                <img loading=\"lazy\" decoding=\"async\" width=\"200\" height=\"300\" src=\"https:\/\/dengtai.art\/wp-content\/uploads\/2025\/04\/ROBERT-KOWALSKI_2-200x300.jpeg\" class=\"attachment-medium size-medium\" alt=\"\" ids=\"1456,1458\" style=\"default\" type=\"masonry\" col_spacing=\"small\" columns=\"3\" depth=\"2\" image_width=\"80\" srcset=\"https:\/\/dengtai.art\/wp-content\/uploads\/2025\/04\/ROBERT-KOWALSKI_2-200x300.jpeg 200w, https:\/\/dengtai.art\/wp-content\/uploads\/2025\/04\/ROBERT-KOWALSKI_2.jpeg 427w\" sizes=\"(max-width: 200px) 100vw, 200px\" \/>                                                              <\/div>\n              <div class=\"box-text text-left\" >\n                 <p><\/p>\n              <\/div>\n            <\/div>\n            <\/a>          <\/div>\n         <\/div><\/div>\n\n\n\t\t<\/div>\n\t\t\t\t\t<\/div>\n\n\t\n\n<\/div>\n\n\n<p><\/p>\n","protected":false},"excerpt":{"rendered":"","protected":false},"author":1,"featured_media":0,"parent":1403,"menu_order":4,"comment_status":"closed","ping_status":"closed","template":"page-blank.php","meta":{"_acf_changed":false,"footnotes":""},"class_list":["post-1461","page","type-page","status-publish","hentry"],"acf":[],"jetpack_sharing_enabled":true,"_links":{"self":[{"href":"https:\/\/dengtai.art\/en\/wp-json\/wp\/v2\/pages\/1461","targetHints":{"allow":["GET"]}}],"collection":[{"href":"https:\/\/dengtai.art\/en\/wp-json\/wp\/v2\/pages"}],"about":[{"href":"https:\/\/dengtai.art\/en\/wp-json\/wp\/v2\/types\/page"}],"author":[{"embeddable":true,"href":"https:\/\/dengtai.art\/en\/wp-json\/wp\/v2\/users\/1"}],"replies":[{"embeddable":true,"href":"https:\/\/dengtai.art\/en\/wp-json\/wp\/v2\/comments?post=1461"}],"version-history":[{"count":10,"href":"https:\/\/dengtai.art\/en\/wp-json\/wp\/v2\/pages\/1461\/revisions"}],"predecessor-version":[{"id":1625,"href":"https:\/\/dengtai.art\/en\/wp-json\/wp\/v2\/pages\/1461\/revisions\/1625"}],"up":[{"embeddable":true,"href":"https:\/\/dengtai.art\/en\/wp-json\/wp\/v2\/pages\/1403"}],"wp:attachment":[{"href":"https:\/\/dengtai.art\/en\/wp-json\/wp\/v2\/media?parent=1461"}],"curies":[{"name":"wp","href":"https:\/\/api.w.org\/{rel}","templated":true}]}}